{"id":646,"date":"2023-02-03T13:29:06","date_gmt":"2023-02-03T16:29:06","guid":{"rendered":"https:\/\/robertosilvablog.com.br\/?page_id=646"},"modified":"2023-02-04T15:07:08","modified_gmt":"2023-02-04T18:07:08","slug":"tutoriais","status":"publish","type":"page","link":"https:\/\/robertosilvablog.com.br\/?page_id=646","title":{"rendered":"Blog &#8211; Nossos Tutoriais"},"content":{"rendered":"\t\t<div data-elementor-type=\"wp-page\" data-elementor-id=\"646\" class=\"elementor elementor-646\">\n\t\t\t\t\t\t<div class=\"elementor-inner\">\n\t\t\t\t<div class=\"elementor-section-wrap\">\n\t\t\t\t\t\t\t\t\t<section class=\"elementor-section elementor-top-section elementor-element elementor-element-3276fad elementor-section-height-min-height elementor-section-boxed elementor-section-height-default elementor-section-items-middle\" data-id=\"3276fad\" data-element_type=\"section\" data-settings=\"{&quot;background_background&quot;:&quot;classic&quot;}\">\n\t\t\t\t\t\t\t<div class=\"elementor-background-overlay\"><\/div>\n\t\t\t\t\t\t\t<div class=\"elementor-container elementor-column-gap-default\">\n\t\t\t\t\t\t\t<div class=\"elementor-row\">\n\t\t\t\t\t<div class=\"elementor-column elementor-col-100 elementor-top-column elementor-element elementor-element-58dda47\" data-id=\"58dda47\" data-element_type=\"column\">\n\t\t\t<div class=\"elementor-column-wrap elementor-element-populated\">\n\t\t\t\t\t\t\t<div class=\"elementor-widget-wrap\">\n\t\t\t\t\t\t<div class=\"elementor-element elementor-element-0e2c49a elementor-widget elementor-widget-heading\" data-id=\"0e2c49a\" data-element_type=\"widget\" data-widget_type=\"heading.default\">\n\t\t\t\t<div class=\"elementor-widget-container\">\n\t\t\t<h2 class=\"elementor-heading-title elementor-size-default\">Nossos Tutoriais<\/h2>\t\t<\/div>\n\t\t\t\t<\/div>\n\t\t\t\t<div class=\"elementor-element elementor-element-82f20ff elementor-widget elementor-widget-text-editor\" data-id=\"82f20ff\" data-element_type=\"widget\" data-widget_type=\"text-editor.default\">\n\t\t\t\t<div class=\"elementor-widget-container\">\n\t\t\t\t\t\t\t\t<div class=\"elementor-text-editor elementor-clearfix\">\n\t\t\t\t<p>SIRVA A DEUS\u00a0<\/p><p>Com Excel\u00eancia, Conte\u00fado e Seguran\u00e7a.<\/p>\t\t\t\t\t<\/div>\n\t\t\t\t\t\t<\/div>\n\t\t\t\t<\/div>\n\t\t\t\t\t\t<\/div>\n\t\t\t\t\t<\/div>\n\t\t<\/div>\n\t\t\t\t\t\t\t\t<\/div>\n\t\t\t\t\t<\/div>\n\t\t<\/section>\n\t\t\t\t<section class=\"elementor-section elementor-top-section elementor-element elementor-element-abee652 elementor-section-height-min-height elementor-section-boxed elementor-section-height-default elementor-section-items-middle\" data-id=\"abee652\" data-element_type=\"section\" data-settings=\"{&quot;background_background&quot;:&quot;classic&quot;}\">\n\t\t\t\t\t\t<div class=\"elementor-container elementor-column-gap-default\">\n\t\t\t\t\t\t\t<div class=\"elementor-row\">\n\t\t\t\t\t<div class=\"elementor-column elementor-col-100 elementor-top-column elementor-element elementor-element-c9835ff\" data-id=\"c9835ff\" data-element_type=\"column\" data-settings=\"{&quot;background_background&quot;:&quot;classic&quot;}\">\n\t\t\t<div class=\"elementor-column-wrap elementor-element-populated\">\n\t\t\t\t\t\t\t<div class=\"elementor-widget-wrap\">\n\t\t\t\t\t\t<div class=\"elementor-element elementor-element-e70c499 elementor-posts--align-left elementor-grid-3 elementor-grid-tablet-2 elementor-grid-mobile-1 elementor-posts--thumbnail-top elementor-widget elementor-widget-posts\" data-id=\"e70c499\" data-element_type=\"widget\" data-settings=\"{&quot;pagination_type&quot;:&quot;numbers_and_prev_next&quot;,&quot;classic_columns&quot;:&quot;3&quot;,&quot;classic_columns_tablet&quot;:&quot;2&quot;,&quot;classic_columns_mobile&quot;:&quot;1&quot;,&quot;classic_row_gap&quot;:{&quot;unit&quot;:&quot;px&quot;,&quot;size&quot;:35,&quot;sizes&quot;:[]},&quot;classic_row_gap_tablet&quot;:{&quot;unit&quot;:&quot;px&quot;,&quot;size&quot;:&quot;&quot;,&quot;sizes&quot;:[]},&quot;classic_row_gap_mobile&quot;:{&quot;unit&quot;:&quot;px&quot;,&quot;size&quot;:&quot;&quot;,&quot;sizes&quot;:[]}}\" data-widget_type=\"posts.classic\">\n\t\t\t\t<div class=\"elementor-widget-container\">\n\t\t\t\t\t<div class=\"elementor-posts-container elementor-posts elementor-posts--skin-classic elementor-grid\">\n\t\t\t\t<article class=\"elementor-post elementor-grid-item post-621 post type-post status-publish format-standard has-post-thumbnail hentry category-artigos-teologicos category-cursos-de-teologias category-cursos-gratis category-e-book category-homiletica category-pregacao category-tutorial tag-curso-basico-de-teologia tag-curso-de-filosofia tag-curso-de-grego tag-curso-de-hermeneutica tag-curso-de-teologia tag-curso-de-teologia-online tag-curso-medio-de-teologia tag-ebook tag-ebook-digital\">\n\t\t\t\t<a class=\"elementor-post__thumbnail__link\" href=\"https:\/\/robertosilvablog.com.br\/?p=621\" >\n\t\t\t<div class=\"elementor-post__thumbnail\"><img decoding=\"async\" width=\"300\" height=\"118\" src=\"https:\/\/robertosilvablog.com.br\/wp-content\/uploads\/2023\/02\/Curso-de-Teologia-Completo-1-300x118.jpg\" class=\"attachment-medium size-medium wp-image-638\" alt=\"\" loading=\"lazy\" srcset=\"https:\/\/robertosilvablog.com.br\/wp-content\/uploads\/2023\/02\/Curso-de-Teologia-Completo-1-300x118.jpg 300w, https:\/\/robertosilvablog.com.br\/wp-content\/uploads\/2023\/02\/Curso-de-Teologia-Completo-1-768x301.jpg 768w, https:\/\/robertosilvablog.com.br\/wp-content\/uploads\/2023\/02\/Curso-de-Teologia-Completo-1.jpg 870w\" sizes=\"(max-width: 300px) 100vw, 300px\" \/><\/div>\n\t\t<\/a>\n\t\t\t\t<div class=\"elementor-post__text\">\n\t\t\t\t<h3 class=\"elementor-post__title\">\n\t\t\t<a href=\"https:\/\/robertosilvablog.com.br\/?p=621\" >\n\t\t\t\tCURSO COMPLETO EM TEOLOGIA\t\t\t<\/a>\n\t\t<\/h3>\n\t\t\t\t<div class=\"elementor-post__meta-data\">\n\t\t\t\t\t<span class=\"elementor-post-date\">\n\t\t\t2 de fevereiro de 2023\t\t<\/span>\n\t\t\t\t<\/div>\n\t\t\t\t<div class=\"elementor-post__excerpt\">\n\t\t\t<p>Seja um&nbsp;Te\u00f3logo&nbsp;e Entenda a B\u00edblia Com Profundidade, Estudando no Conforto da Sua Casa, Igreja, Escrit\u00f3rio e no Seu Tempo Livre\u2026 Dedicando&nbsp;Apenas Algumas Horas Por Semana!<\/p>\n\t\t<\/div>\n\t\t\t\t\t<a class=\"elementor-post__read-more\" href=\"https:\/\/robertosilvablog.com.br\/?p=621\" >\n\t\t\t\tLeia Mais \t\t\t<\/a>\n\t\t\t\t<\/div>\n\t\t\t\t<\/article>\n\t\t\t\t<article class=\"elementor-post elementor-grid-item post-614 post type-post status-publish format-standard has-post-thumbnail hentry category-uncategorized\">\n\t\t\t\t<a class=\"elementor-post__thumbnail__link\" href=\"https:\/\/robertosilvablog.com.br\/?p=614\" >\n\t\t\t<div class=\"elementor-post__thumbnail\"><img decoding=\"async\" width=\"300\" height=\"253\" src=\"https:\/\/robertosilvablog.com.br\/wp-content\/uploads\/2020\/08\/Arte-blog-isaed-TEOLOGIA-300x253.jpg\" class=\"attachment-medium size-medium wp-image-575\" alt=\"\" loading=\"lazy\" srcset=\"https:\/\/robertosilvablog.com.br\/wp-content\/uploads\/2020\/08\/Arte-blog-isaed-TEOLOGIA-300x253.jpg 300w, https:\/\/robertosilvablog.com.br\/wp-content\/uploads\/2020\/08\/Arte-blog-isaed-TEOLOGIA-768x649.jpg 768w, https:\/\/robertosilvablog.com.br\/wp-content\/uploads\/2020\/08\/Arte-blog-isaed-TEOLOGIA.jpg 902w\" sizes=\"(max-width: 300px) 100vw, 300px\" \/><\/div>\n\t\t<\/a>\n\t\t\t\t<div class=\"elementor-post__text\">\n\t\t\t\t<h3 class=\"elementor-post__title\">\n\t\t\t<a href=\"https:\/\/robertosilvablog.com.br\/?p=614\" >\n\t\t\t\tISAED &#8211; Instituto Sul-Americano de Ensino a Dist\u00e2ncia!\t\t\t<\/a>\n\t\t<\/h3>\n\t\t\t\t<div class=\"elementor-post__meta-data\">\n\t\t\t\t\t<span class=\"elementor-post-date\">\n\t\t\t2 de fevereiro de 2023\t\t<\/span>\n\t\t\t\t<\/div>\n\t\t\t\t<div class=\"elementor-post__excerpt\">\n\t\t\t<p>ORGANIZA\u00c7\u00c3O DID\u00c1TICO-PEDAG\u00d3GICA DO CURSO O curso de Teologia Livre &#8211; EAD do ISAED, est\u00e1 sendo estabelecido sob a vis\u00e3o de oferecer forma\u00e7\u00e3o acad\u00eamica de alto<\/p>\n\t\t<\/div>\n\t\t\t\t\t<a class=\"elementor-post__read-more\" href=\"https:\/\/robertosilvablog.com.br\/?p=614\" >\n\t\t\t\tLeia Mais \t\t\t<\/a>\n\t\t\t\t<\/div>\n\t\t\t\t<\/article>\n\t\t\t\t<article class=\"elementor-post elementor-grid-item post-556 post type-post status-publish format-standard has-post-thumbnail hentry category-play-spaces category-toddlers\">\n\t\t\t\t<a class=\"elementor-post__thumbnail__link\" href=\"https:\/\/robertosilvablog.com.br\/?p=556\" >\n\t\t\t<div class=\"elementor-post__thumbnail\"><img decoding=\"async\" width=\"300\" height=\"200\" src=\"https:\/\/robertosilvablog.com.br\/wp-content\/uploads\/2021\/01\/childcare-template-blog-img-3-300x200.jpg\" class=\"attachment-medium size-medium wp-image-557\" alt=\"\" loading=\"lazy\" srcset=\"https:\/\/robertosilvablog.com.br\/wp-content\/uploads\/2021\/01\/childcare-template-blog-img-3-300x200.jpg 300w, https:\/\/robertosilvablog.com.br\/wp-content\/uploads\/2021\/01\/childcare-template-blog-img-3-768x511.jpg 768w, https:\/\/robertosilvablog.com.br\/wp-content\/uploads\/2021\/01\/childcare-template-blog-img-3.jpg 800w\" sizes=\"(max-width: 300px) 100vw, 300px\" \/><\/div>\n\t\t<\/a>\n\t\t\t\t<div class=\"elementor-post__text\">\n\t\t\t\t<h3 class=\"elementor-post__title\">\n\t\t\t<a href=\"https:\/\/robertosilvablog.com.br\/?p=556\" >\n\t\t\t\tTaste-safe sensory nulla dignissim\t\t\t<\/a>\n\t\t<\/h3>\n\t\t\t\t<div class=\"elementor-post__meta-data\">\n\t\t\t\t\t<span class=\"elementor-post-date\">\n\t\t\t21 de janeiro de 2021\t\t<\/span>\n\t\t\t\t<\/div>\n\t\t\t\t<div class=\"elementor-post__excerpt\">\n\t\t\t<p>Consectetur enim viverra etiam semper interdum amet faucibus gravida bibendum nisl orci adipiscing ut in tristique diam bibendum turpis in nec nisi amet, ac sit<\/p>\n\t\t<\/div>\n\t\t\t\t\t<a class=\"elementor-post__read-more\" href=\"https:\/\/robertosilvablog.com.br\/?p=556\" >\n\t\t\t\tLeia Mais \t\t\t<\/a>\n\t\t\t\t<\/div>\n\t\t\t\t<\/article>\n\t\t\t\t<article class=\"elementor-post elementor-grid-item post-551 post type-post status-publish format-standard has-post-thumbnail hentry category-preschools category-science\">\n\t\t\t\t<a class=\"elementor-post__thumbnail__link\" href=\"https:\/\/robertosilvablog.com.br\/?p=551\" >\n\t\t\t<div class=\"elementor-post__thumbnail\"><img decoding=\"async\" width=\"300\" height=\"200\" src=\"https:\/\/robertosilvablog.com.br\/wp-content\/uploads\/2021\/01\/childcare-template-blog-img-2-300x200.jpg\" class=\"attachment-medium size-medium wp-image-555\" alt=\"\" loading=\"lazy\" srcset=\"https:\/\/robertosilvablog.com.br\/wp-content\/uploads\/2021\/01\/childcare-template-blog-img-2-300x200.jpg 300w, https:\/\/robertosilvablog.com.br\/wp-content\/uploads\/2021\/01\/childcare-template-blog-img-2-768x512.jpg 768w, https:\/\/robertosilvablog.com.br\/wp-content\/uploads\/2021\/01\/childcare-template-blog-img-2.jpg 800w\" sizes=\"(max-width: 300px) 100vw, 300px\" \/><\/div>\n\t\t<\/a>\n\t\t\t\t<div class=\"elementor-post__text\">\n\t\t\t\t<h3 class=\"elementor-post__title\">\n\t\t\t<a href=\"https:\/\/robertosilvablog.com.br\/?p=551\" >\n\t\t\t\tExploring the duis lacus turpis faucibus\t\t\t<\/a>\n\t\t<\/h3>\n\t\t\t\t<div class=\"elementor-post__meta-data\">\n\t\t\t\t\t<span class=\"elementor-post-date\">\n\t\t\t21 de janeiro de 2021\t\t<\/span>\n\t\t\t\t<\/div>\n\t\t\t\t<div class=\"elementor-post__excerpt\">\n\t\t\t<p>Ultrices ipsum tempor eget lectus etiam at vitae risus arcu malesuada ullamcorper urna faucibus egestas viverra faucibus sed mattis eu, faucibus velit nunc est felis,<\/p>\n\t\t<\/div>\n\t\t\t\t\t<a class=\"elementor-post__read-more\" href=\"https:\/\/robertosilvablog.com.br\/?p=551\" >\n\t\t\t\tLeia Mais \t\t\t<\/a>\n\t\t\t\t<\/div>\n\t\t\t\t<\/article>\n\t\t\t\t<article class=\"elementor-post elementor-grid-item post-531 post type-post status-publish format-standard has-post-thumbnail hentry category-babies category-sensory-play\">\n\t\t\t\t<a class=\"elementor-post__thumbnail__link\" href=\"https:\/\/robertosilvablog.com.br\/?p=531\" >\n\t\t\t<div class=\"elementor-post__thumbnail\"><img decoding=\"async\" width=\"300\" height=\"200\" src=\"https:\/\/robertosilvablog.com.br\/wp-content\/uploads\/2021\/01\/childcare-template-blog-img-5-300x200.jpg\" class=\"attachment-medium size-medium wp-image-550\" alt=\"\" loading=\"lazy\" srcset=\"https:\/\/robertosilvablog.com.br\/wp-content\/uploads\/2021\/01\/childcare-template-blog-img-5-300x200.jpg 300w, https:\/\/robertosilvablog.com.br\/wp-content\/uploads\/2021\/01\/childcare-template-blog-img-5-768x512.jpg 768w, https:\/\/robertosilvablog.com.br\/wp-content\/uploads\/2021\/01\/childcare-template-blog-img-5.jpg 800w\" sizes=\"(max-width: 300px) 100vw, 300px\" \/><\/div>\n\t\t<\/a>\n\t\t\t\t<div class=\"elementor-post__text\">\n\t\t\t\t<h3 class=\"elementor-post__title\">\n\t\t\t<a href=\"https:\/\/robertosilvablog.com.br\/?p=531\" >\n\t\t\t\tHow to improve venenatis ultrices nulla\t\t\t<\/a>\n\t\t<\/h3>\n\t\t\t\t<div class=\"elementor-post__meta-data\">\n\t\t\t\t\t<span class=\"elementor-post-date\">\n\t\t\t21 de janeiro de 2021\t\t<\/span>\n\t\t\t\t<\/div>\n\t\t\t\t<div class=\"elementor-post__excerpt\">\n\t\t\t<p>Mi vel morbi tristique adipiscing magna tristique porttitor quis vel elementum amet commodo diam hendrerit odio sit cras vel vel arcu semper tellus sapien morbi<\/p>\n\t\t<\/div>\n\t\t\t\t\t<a class=\"elementor-post__read-more\" href=\"https:\/\/robertosilvablog.com.br\/?p=531\" >\n\t\t\t\tLeia Mais \t\t\t<\/a>\n\t\t\t\t<\/div>\n\t\t\t\t<\/article>\n\t\t\t\t<article class=\"elementor-post elementor-grid-item post-63 post type-post status-publish format-standard has-post-thumbnail hentry category-uncategorized\">\n\t\t\t\t<a class=\"elementor-post__thumbnail__link\" href=\"https:\/\/robertosilvablog.com.br\/?p=63\" >\n\t\t\t<div class=\"elementor-post__thumbnail\"><img decoding=\"async\" width=\"300\" height=\"156\" src=\"https:\/\/robertosilvablog.com.br\/wp-content\/uploads\/2019\/07\/neve-gym-demo-10.jpg\" class=\"attachment-medium size-medium wp-image-99\" alt=\"\" loading=\"lazy\" \/><\/div>\n\t\t<\/a>\n\t\t\t\t<div class=\"elementor-post__text\">\n\t\t\t\t<h3 class=\"elementor-post__title\">\n\t\t\t<a href=\"https:\/\/robertosilvablog.com.br\/?p=63\" >\n\t\t\t\tBodycombat classes\t\t\t<\/a>\n\t\t<\/h3>\n\t\t\t\t<div class=\"elementor-post__meta-data\">\n\t\t\t\t\t<span class=\"elementor-post-date\">\n\t\t\t17 de julho de 2019\t\t<\/span>\n\t\t\t\t<\/div>\n\t\t\t\t<div class=\"elementor-post__excerpt\">\n\t\t\t<p>Introduction Pour-over meditation schlitz godard, subway tile edison bulb palo santo poke ethical cornhole taiyaki marfa williamsburg photo booth. Bespoke microdosing snackwave kale chips selvage<\/p>\n\t\t<\/div>\n\t\t\t\t\t<a class=\"elementor-post__read-more\" href=\"https:\/\/robertosilvablog.com.br\/?p=63\" >\n\t\t\t\tLeia Mais \t\t\t<\/a>\n\t\t\t\t<\/div>\n\t\t\t\t<\/article>\n\t\t\t\t<\/div>\n\n\n\t\t\n\t\t\t\t<div class=\"e-load-more-anchor\" data-page=\"1\" data-max-page=\"2\" data-next-page=\"https:\/\/robertosilvablog.com.br\/index.php?rest_route=%2Fwp%2Fv2%2Fpages%2F646&#038;paged=2\"><\/div>\n\t\t\t\t<nav class=\"elementor-pagination\" role=\"navigation\" aria-label=\"Pagination\">\n\t\t\t<span class=\"page-numbers prev\">&laquo; Anterior<\/span>\n<span aria-current=\"page\" class=\"page-numbers current\"><span class=\"elementor-screen-only\">Page<\/span>1<\/span>\n<a class=\"page-numbers\" href=\"https:\/\/robertosilvablog.com.br\/index.php\/?paged=2&#038;rest_route=%2Fwp%2Fv2%2Fpages%2F646\"><span class=\"elementor-screen-only\">Page<\/span>2<\/a>\n<a class=\"page-numbers next\" href=\"https:\/\/robertosilvablog.com.br\/index.php?rest_route=%2Fwp%2Fv2%2Fpages%2F646&#038;paged=2\">Pr\u00f3ximo &raquo;<\/a>\t\t<\/nav>\n\t\t\t\t<\/div>\n\t\t\t\t<\/div>\n\t\t\t\t\t\t<\/div>\n\t\t\t\t\t<\/div>\n\t\t<\/div>\n\t\t\t\t\t\t\t\t<\/div>\n\t\t\t\t\t<\/div>\n\t\t<\/section>\n\t\t\t\t\t\t\t\t\t<\/div>\n\t\t\t<\/div>\n\t\t\t\t\t<\/div>\n\t\t","protected":false},"excerpt":{"rendered":"<p>Nossos Tutoriais SIRVA A DEUS&nbsp; Com Excel\u00eancia, Conte\u00fado e Seguran\u00e7a.<\/p>\n","protected":false},"author":1,"featured_media":0,"parent":0,"menu_order":0,"comment_status":"closed","ping_status":"closed","template":"elementor_canvas","meta":[],"_links":{"self":[{"href":"https:\/\/robertosilvablog.com.br\/index.php?rest_route=\/wp\/v2\/pages\/646"}],"collection":[{"href":"https:\/\/robertosilvablog.com.br\/index.php?rest_route=\/wp\/v2\/pages"}],"about":[{"href":"https:\/\/robertosilvablog.com.br\/index.php?rest_route=\/wp\/v2\/types\/page"}],"author":[{"embeddable":true,"href":"https:\/\/robertosilvablog.com.br\/index.php?rest_route=\/wp\/v2\/users\/1"}],"replies":[{"embeddable":true,"href":"https:\/\/robertosilvablog.com.br\/index.php?rest_route=%2Fwp%2Fv2%2Fcomments&post=646"}],"version-history":[{"count":10,"href":"https:\/\/robertosilvablog.com.br\/index.php?rest_route=\/wp\/v2\/pages\/646\/revisions"}],"predecessor-version":[{"id":777,"href":"https:\/\/robertosilvablog.com.br\/index.php?rest_route=\/wp\/v2\/pages\/646\/revisions\/777"}],"wp:attachment":[{"href":"https:\/\/robertosilvablog.com.br\/index.php?rest_route=%2Fwp%2Fv2%2Fmedia&parent=646"}],"curies":[{"name":"wp","href":"https:\/\/api.w.org\/{rel}","templated":true}]}}